{"id":113,"date":"2014-03-22T15:55:36","date_gmt":"2014-03-22T15:55:36","guid":{"rendered":"http:\/\/www.scottmacdonald.net\/cscmp2\/?page_id=113"},"modified":"2014-03-22T16:46:44","modified_gmt":"2014-03-22T16:46:44","slug":"2011-summer-colloquium","status":"publish","type":"page","link":"https:\/\/www.scottmacdonald.net\/cscmp2\/past-colloquia\/2011-summer-colloquium\/","title":{"rendered":"2011 Summer Colloquium"},"content":{"rendered":"<h2>Participants<\/h2>\n<p><span style=\"line-height: 1.5em;\"><strong>Jeff Brower<\/strong>, Purdue University \u2013\u00a0<em><strong>Aquinas on Human Nature, Personhood, and Death<\/strong><\/em><\/span><\/p>\n<p><strong>Susan Brower-Tolan<\/strong>d, St Louis University<\/p>\n<p><strong>Stephen Brown<\/strong>, Boston College \u2013\u00a0<em><strong>Something on Ockham\u2019s Summa logicae<\/strong><\/em><\/p>\n<p><strong>Francesca Bruno<\/strong>, Cornell University<\/p>\n<p><strong>Nate Bulthuis<\/strong>, Cornell University<\/p>\n<p><strong>Sarah Byers<\/strong>, Boston College \u2013\u00a0<em><strong>The Psychology of Compassion: A Reading of City of God 9.5<\/strong><\/em><\/p>\n<p><strong>Brian Conolly<\/strong>, Bard College, Simons-Rock<\/p>\n<p><strong>Brian Embry<\/strong>, University of Toronto<\/p>\n<p><strong>Max Etchemendy<\/strong>, Stanford University \u2013\u00a0<em><strong>Henry Bracton and the Foundations of Common Law Jurisprudence<\/strong><\/em><\/p>\n<p><strong style=\"line-height: 1.5em;\">Heine Hansen<\/strong><span style=\"line-height: 1.5em;\">, University of Copenhagen \u2013\u00a0<\/span><em style=\"line-height: 1.5em;\"><strong>Nicholas of Paris on the Category of Relation<\/strong><\/em><\/p>\n<p><strong>Jeffrey Hause<\/strong>, Creighton University \u2013\u00a0<em><strong>Aquinas on Aristotelian Justice: Defender, Destroyer, Subverter, or Surveyor?<\/strong><\/em><\/p>\n<p><strong>Daniel Heider<\/strong>, University South Bohemia \u2013\u00a0<em><strong>Su\u00e1rez on Universals<\/strong><\/em><\/p>\n<p><strong>Erik Kenyon<\/strong>, Cornell University<\/p>\n<p><strong>Matthew Klemm<\/strong>, Ithaca College<\/p>\n<p><strong>Scott MacDonald<\/strong>, Cornell University \u2013\u00a0<em><strong>Augustine\u2019s Epistemic Voluntarism:\u00a0De trinitate 11<\/strong><\/em><\/p>\n<p><strong>Colleen McCluskey<\/strong>, St Louis University \u2013<em><strong>\u00a0Thomas Aquinas on Evil Agents, Both Actual and Literary<\/strong><\/em><\/p>\n<p><strong>Ana Maria Mora-Marquez<\/strong>, University of Copenhagen \u2013\u00a0<em><strong>Nicholas of Paris&#8217; Account of Signification in his\u00a0Commentary on the Perihermeneias<\/strong><\/em><\/p>\n<p><strong>John Morrison<\/strong>, Barnard College<\/p>\n<p><strong>Claude Panaccio<\/strong>, Universit\u00e9 du Qu\u00e9bec \u00e0 Montr\u00e9al \u2013\u00a0<em><strong>Walter Chatton and the Truthmaker Principle<\/strong><\/em><\/p>\n<p><strong>Robert Pasnau<\/strong>, University of Colorado \u2013\u00a0<em><strong>Epistemic Divisions of Labor:\u00a0 Who Should Know, Who Should Believe,\u00a0and Who Should Be Left in the Dark?<\/strong><\/em><\/p>\n<p><strong>Kara Richardson<\/strong>, Syracuse University<\/p>\n<p><strong>Andrew Shortridge<\/strong>, Cornell University<\/p>\n<p><strong>Michael Siebert<\/strong>, University of Toronto<\/p>\n<p><strong>Mary Sirridge<\/strong>, Louisiana State University<\/p>\n<p><strong>Jeff Steele<\/strong>, University of South Florida<\/p>\n<p><strong>Christina Van Dyke<\/strong>, Calvin College<\/p>\n<p><strong>Kate Waidler<\/strong>, Wheaton College<\/p>\n<p><strong>Thomas Williams<\/strong>, University of South Florida<\/p>\n<p><strong>Rega Wood<\/strong>, Stanford &amp; Indiana Universities \u2013\u00a0<em><strong>Henry Bracton and the Foundations of Common Law Jurisprudence<\/strong><\/em><\/p>\n<p><strong>Dave Zettel<\/strong>, Cornell University<\/p>\n","protected":false},"excerpt":{"rendered":"<p>Participants Jeff Brower, Purdue University \u2013\u00a0Aquinas on Human Nature, Personhood, and Death Susan Brower-Toland, St Louis University Stephen Brown, Boston <span class=\"ellipsis\">&hellip;<\/span> <span class=\"more-link-wrap\"><a href=\"https:\/\/www.scottmacdonald.net\/cscmp2\/past-colloquia\/2011-summer-colloquium\/\" class=\"more-link\"><span>Continue Reading &rarr;<\/span><\/a><\/span><\/p>\n","protected":false},"author":1,"featured_media":0,"parent":99,"menu_order":2,"comment_status":"closed","ping_status":"closed","template":"template-full-width.php","meta":{"jetpack_post_was_ever_published":false,"footnotes":""},"class_list":["post-113","page","type-page","status-publish","hentry"],"jetpack_sharing_enabled":true,"jetpack_shortlink":"https:\/\/wp.me\/P4rypQ-1P","_links":{"self":[{"href":"https:\/\/www.scottmacdonald.net\/cscmp2\/wp-json\/wp\/v2\/pages\/113","targetHints":{"allow":["GET"]}}],"collection":[{"href":"https:\/\/www.scottmacdonald.net\/cscmp2\/wp-json\/wp\/v2\/pages"}],"about":[{"href":"https:\/\/www.scottmacdonald.net\/cscmp2\/wp-json\/wp\/v2\/types\/page"}],"author":[{"embeddable":true,"href":"https:\/\/www.scottmacdonald.net\/cscmp2\/wp-json\/wp\/v2\/users\/1"}],"replies":[{"embeddable":true,"href":"https:\/\/www.scottmacdonald.net\/cscmp2\/wp-json\/wp\/v2\/comments?post=113"}],"version-history":[{"count":7,"href":"https:\/\/www.scottmacdonald.net\/cscmp2\/wp-json\/wp\/v2\/pages\/113\/revisions"}],"predecessor-version":[{"id":158,"href":"https:\/\/www.scottmacdonald.net\/cscmp2\/wp-json\/wp\/v2\/pages\/113\/revisions\/158"}],"up":[{"embeddable":true,"href":"https:\/\/www.scottmacdonald.net\/cscmp2\/wp-json\/wp\/v2\/pages\/99"}],"wp:attachment":[{"href":"https:\/\/www.scottmacdonald.net\/cscmp2\/wp-json\/wp\/v2\/media?parent=113"}],"curies":[{"name":"wp","href":"https:\/\/api.w.org\/{rel}","templated":true}]}}